{"id":1139,"date":"2022-12-06T13:23:57","date_gmt":"2022-12-06T13:23:57","guid":{"rendered":"https:\/\/collegedoorcollegasontour.nl\/?page_id=1139"},"modified":"2022-12-06T13:26:02","modified_gmt":"2022-12-06T13:26:02","slug":"jan-van-hooff-2","status":"publish","type":"page","link":"https:\/\/collegedoorcollegasontour.nl\/index.php\/jan-van-hooff-2\/","title":{"rendered":"Jan van Hooff"},"content":{"rendered":"\t\t<div data-elementor-type=\"wp-page\" data-elementor-id=\"1139\" class=\"elementor elementor-1139\">\n\t\t\t\t\t\t\t\t\t<section class=\"elementor-section elementor-top-section elementor-element elementor-element-2857b02 elementor-section-boxed elementor-section-height-default elementor-section-height-default\" data-id=\"2857b02\" data-element_type=\"section\">\n\t\t\t\t\t\t<div class=\"elementor-container elementor-column-gap-default\">\n\t\t\t\t\t<div class=\"elementor-column elementor-col-66 elementor-top-column elementor-element elementor-element-e9f4f51\" data-id=\"e9f4f51\" data-element_type=\"column\">\n\t\t\t<div class=\"elementor-widget-wrap elementor-element-populated\">\n\t\t\t\t\t\t\t\t<div class=\"elementor-element elementor-element-840b98b elementor-widget elementor-widget-text-editor\" data-id=\"840b98b\" data-element_type=\"widget\" data-widget_type=\"text-editor.default\">\n\t\t\t\t<div class=\"elementor-widget-container\">\n\t\t\t<style>\/*! elementor - v3.10.2 - 29-01-2023 *\/\n.elementor-widget-text-editor.elementor-drop-cap-view-stacked .elementor-drop-cap{background-color:#818a91;color:#fff}.elementor-widget-text-editor.elementor-drop-cap-view-framed .elementor-drop-cap{color:#818a91;border:3px solid;background-color:transparent}.elementor-widget-text-editor:not(.elementor-drop-cap-view-default) .elementor-drop-cap{margin-top:8px}.elementor-widget-text-editor:not(.elementor-drop-cap-view-default) .elementor-drop-cap-letter{width:1em;height:1em}.elementor-widget-text-editor .elementor-drop-cap{float:left;text-align:center;line-height:1;font-size:50px}.elementor-widget-text-editor .elementor-drop-cap-letter{display:inline-block}<\/style>\t\t\t\t<p><strong>CV<\/strong><\/p><p>Jan van Hooff groeide op in Burgers&#8217; Zoo in Arnhem, waar zijn vader en moeder directeuren waren. Zijn grootvader van moederszijde, Johan Burgers, had het dierenpark opgericht. Zijn broer Antoon was er later directeur. Jan van Hooff studeerde biologie in Utrecht en Oxford bij Niko Tinbergen en Desmond Morris. Hij promoveerde op een onderzoek naar sociaal gedrag en communicatie bij mensapen. Vooral zijn vergelijkende studies over gelaatsexpressies bij apen en mensapen, in het bijzonder over de evolutie van lachen en glimlachen, hebben de aandacht getrokken. Van 1980 tot 2001 was hij hoogleraar ethologie en socio-ecologie aan de Universiteit Utrecht waar hij vooral studies deed naar de sociale processen, het sociaal gedrag en de sociale organisatie van dieren, in het bijzonder primaten zoals orang-oetans en chimpansees. Van 1996 t\/m 1999 was hij vervangend hoogleraar aan de Universiteit Wageningen. Hij bekleedde gasthoogleraarschappen aan de Universiteit Z\u00fcrich (1988) en aan de \u00c9cole Normale Sup\u00e9rieure in Parijs (2001). Hij is honorair professor aan de Universitas Nasional te Jakarta, Indonesi\u00eb.<\/p><p>Recent onderzoek richtte zich op de socio-ecologie van enkele primatensoorten in veldwerkprojecten in Indonesi\u00eb en op de regulatie van sociale betrekkingen, bestudeerd in gevangenschapskolonies, onder andere in de chimpanseekolonie van Burgers\u2019 Zoo. Daarbij ging het vooral om vragen als: Hoe gaan dieren die met elkaar in groepsverband samenleven om met conflicten en hoe lossen ze die op (o.a. verzoeningsgedrag).<\/p><p>Momenteel is hij onder meer wetenschappelijk directiemedewerker van de Koninklijke Burgers&#8217; Zoo te Arnhem. Hij was tot voor kort secretaris-generaal van de International Primatological Society en voorzitter van het Jane Goodall Instituut Nederland. Verder is Van Hooff lid van de Koninklijke Nederlandse Akademie van Wetenschappen en Officier in de Orde van Oranje-Nassau.<\/p><p>(Bron: Wikipedia)<\/p>\t\t\t\t\t\t<\/div>\n\t\t\t\t<\/div>\n\t\t\t\t\t<\/div>\n\t\t<\/div>\n\t\t\t\t<div class=\"elementor-column elementor-col-33 elementor-top-column elementor-element elementor-element-aa76c6d\" data-id=\"aa76c6d\" data-element_type=\"column\">\n\t\t\t<div class=\"elementor-widget-wrap elementor-element-populated\">\n\t\t\t\t\t\t\t\t<div class=\"elementor-element elementor-element-7568566 elementor-widget elementor-widget-image\" data-id=\"7568566\" data-element_type=\"widget\" data-widget_type=\"image.default\">\n\t\t\t\t<div class=\"elementor-widget-container\">\n\t\t\t<style>\/*! elementor - v3.10.2 - 29-01-2023 *\/\n.elementor-widget-image{text-align:center}.elementor-widget-image a{display:inline-block}.elementor-widget-image a img[src$=\".svg\"]{width:48px}.elementor-widget-image img{vertical-align:middle;display:inline-block}<\/style>\t\t\t\t\t\t\t\t\t\t\t\t<img loading=\"lazy\" decoding=\"async\" width=\"591\" height=\"591\" src=\"https:\/\/collegedoorcollegasontour.nl\/wp-content\/uploads\/2022\/10\/jan-van-hooff-website-cdcot.jpg\" class=\"attachment-large size-large wp-image-921\" alt=\"\" srcset=\"https:\/\/collegedoorcollegasontour.nl\/wp-content\/uploads\/2022\/10\/jan-van-hooff-website-cdcot.jpg 591w, https:\/\/collegedoorcollegasontour.nl\/wp-content\/uploads\/2022\/10\/jan-van-hooff-website-cdcot-300x300.jpg 300w, https:\/\/collegedoorcollegasontour.nl\/wp-content\/uploads\/2022\/10\/jan-van-hooff-website-cdcot-150x150.jpg 150w, https:\/\/collegedoorcollegasontour.nl\/wp-content\/uploads\/2022\/10\/jan-van-hooff-website-cdcot-100x100.jpg 100w\" sizes=\"auto, (max-width: 591px) 100vw, 591px\" \/>\t\t\t\t\t\t\t\t\t\t\t\t\t\t\t<\/div>\n\t\t\t\t<\/div>\n\t\t\t\t\t<\/div>\n\t\t<\/div>\n\t\t\t\t\t\t\t<\/div>\n\t\t<\/section>\n\t\t\t\t\t\t\t<\/div>\n\t\t","protected":false},"excerpt":{"rendered":"<p>CV Jan van Hooff groeide op in Burgers&#8217; Zoo in Arnhem, waar zijn vader en moeder directeuren waren. Zijn grootvader van moederszijde, Johan Burgers, had het dierenpark opgericht. Zijn broer Antoon was er later directeur. Jan van Hooff studeerde biologie in Utrecht en Oxford bij Niko Tinbergen en Desmond Morris. Hij promoveerde op een onderzoek [&hellip;]<\/p>\n","protected":false},"author":1,"featured_media":0,"parent":0,"menu_order":0,"comment_status":"closed","ping_status":"closed","template":"","meta":{"footnotes":""},"class_list":["post-1139","page","type-page","status-publish","hentry"],"yoast_head":"<!-- This site is optimized with the Yoast SEO plugin v17.7 - https:\/\/yoast.com\/wordpress\/plugins\/seo\/ -->\n<title>Jan van Hooff - College door collega&#039;s on tour<\/title>\n<meta name=\"robots\" content=\"index, follow, max-snippet:-1, max-image-preview:large, max-video-preview:-1\" \/>\n<link rel=\"canonical\" href=\"https:\/\/collegedoorcollegasontour.nl\/index.php\/jan-van-hooff-2\/\" \/>\n<meta property=\"og:locale\" content=\"nl_NL\" \/>\n<meta property=\"og:type\" content=\"article\" \/>\n<meta property=\"og:title\" content=\"Jan van Hooff - College door collega&#039;s on tour\" \/>\n<meta property=\"og:description\" content=\"CV Jan van Hooff groeide op in Burgers&#8217; Zoo in Arnhem, waar zijn vader en moeder directeuren waren. Zijn grootvader van moederszijde, Johan Burgers, had het dierenpark opgericht. Zijn broer Antoon was er later directeur. Jan van Hooff studeerde biologie in Utrecht en Oxford bij Niko Tinbergen en Desmond Morris. Hij promoveerde op een onderzoek [&hellip;]\" \/>\n<meta property=\"og:url\" content=\"https:\/\/collegedoorcollegasontour.nl\/index.php\/jan-van-hooff-2\/\" \/>\n<meta property=\"og:site_name\" content=\"College door collega&#039;s on tour\" \/>\n<meta property=\"article:modified_time\" content=\"2022-12-06T13:26:02+00:00\" \/>\n<meta property=\"og:image\" content=\"https:\/\/collegedoorcollegasontour.nl\/wp-content\/uploads\/2022\/10\/jan-van-hooff-website-cdcot.jpg\" \/>\n<meta name=\"twitter:card\" content=\"summary_large_image\" \/>\n<meta name=\"twitter:label1\" content=\"Geschatte leestijd\" \/>\n\t<meta name=\"twitter:data1\" content=\"2 minuten\" \/>\n<script type=\"application\/ld+json\" class=\"yoast-schema-graph\">{\"@context\":\"https:\/\/schema.org\",\"@graph\":[{\"@type\":\"WebSite\",\"@id\":\"https:\/\/collegedoorcollegasontour.nl\/#website\",\"url\":\"https:\/\/collegedoorcollegasontour.nl\/\",\"name\":\"College door collega&#039;s on tour\",\"description\":\"Just another WordPress site\",\"potentialAction\":[{\"@type\":\"SearchAction\",\"target\":{\"@type\":\"EntryPoint\",\"urlTemplate\":\"https:\/\/collegedoorcollegasontour.nl\/?s={search_term_string}\"},\"query-input\":\"required name=search_term_string\"}],\"inLanguage\":\"nl-NL\"},{\"@type\":\"ImageObject\",\"@id\":\"https:\/\/collegedoorcollegasontour.nl\/index.php\/jan-van-hooff-2\/#primaryimage\",\"inLanguage\":\"nl-NL\",\"url\":\"https:\/\/collegedoorcollegasontour.nl\/wp-content\/uploads\/2022\/10\/jan-van-hooff-website-cdcot.jpg\",\"contentUrl\":\"https:\/\/collegedoorcollegasontour.nl\/wp-content\/uploads\/2022\/10\/jan-van-hooff-website-cdcot.jpg\",\"width\":591,\"height\":591},{\"@type\":\"WebPage\",\"@id\":\"https:\/\/collegedoorcollegasontour.nl\/index.php\/jan-van-hooff-2\/#webpage\",\"url\":\"https:\/\/collegedoorcollegasontour.nl\/index.php\/jan-van-hooff-2\/\",\"name\":\"Jan van Hooff - College door collega&#039;s on tour\",\"isPartOf\":{\"@id\":\"https:\/\/collegedoorcollegasontour.nl\/#website\"},\"primaryImageOfPage\":{\"@id\":\"https:\/\/collegedoorcollegasontour.nl\/index.php\/jan-van-hooff-2\/#primaryimage\"},\"datePublished\":\"2022-12-06T13:23:57+00:00\",\"dateModified\":\"2022-12-06T13:26:02+00:00\",\"breadcrumb\":{\"@id\":\"https:\/\/collegedoorcollegasontour.nl\/index.php\/jan-van-hooff-2\/#breadcrumb\"},\"inLanguage\":\"nl-NL\",\"potentialAction\":[{\"@type\":\"ReadAction\",\"target\":[\"https:\/\/collegedoorcollegasontour.nl\/index.php\/jan-van-hooff-2\/\"]}]},{\"@type\":\"BreadcrumbList\",\"@id\":\"https:\/\/collegedoorcollegasontour.nl\/index.php\/jan-van-hooff-2\/#breadcrumb\",\"itemListElement\":[{\"@type\":\"ListItem\",\"position\":1,\"name\":\"Home\",\"item\":\"https:\/\/collegedoorcollegasontour.nl\/\"},{\"@type\":\"ListItem\",\"position\":2,\"name\":\"Jan van Hooff\"}]}]}<\/script>\n<!-- \/ Yoast SEO plugin. -->","yoast_head_json":{"title":"Jan van Hooff - College door collega&#039;s on tour","robots":{"index":"index","follow":"follow","max-snippet":"max-snippet:-1","max-image-preview":"max-image-preview:large","max-video-preview":"max-video-preview:-1"},"canonical":"https:\/\/collegedoorcollegasontour.nl\/index.php\/jan-van-hooff-2\/","og_locale":"nl_NL","og_type":"article","og_title":"Jan van Hooff - College door collega&#039;s on tour","og_description":"CV Jan van Hooff groeide op in Burgers&#8217; Zoo in Arnhem, waar zijn vader en moeder directeuren waren. Zijn grootvader van moederszijde, Johan Burgers, had het dierenpark opgericht. Zijn broer Antoon was er later directeur. Jan van Hooff studeerde biologie in Utrecht en Oxford bij Niko Tinbergen en Desmond Morris. Hij promoveerde op een onderzoek [&hellip;]","og_url":"https:\/\/collegedoorcollegasontour.nl\/index.php\/jan-van-hooff-2\/","og_site_name":"College door collega&#039;s on tour","article_modified_time":"2022-12-06T13:26:02+00:00","og_image":[{"url":"https:\/\/collegedoorcollegasontour.nl\/wp-content\/uploads\/2022\/10\/jan-van-hooff-website-cdcot.jpg"}],"twitter_card":"summary_large_image","twitter_misc":{"Geschatte leestijd":"2 minuten"},"schema":{"@context":"https:\/\/schema.org","@graph":[{"@type":"WebSite","@id":"https:\/\/collegedoorcollegasontour.nl\/#website","url":"https:\/\/collegedoorcollegasontour.nl\/","name":"College door collega&#039;s on tour","description":"Just another WordPress site","potentialAction":[{"@type":"SearchAction","target":{"@type":"EntryPoint","urlTemplate":"https:\/\/collegedoorcollegasontour.nl\/?s={search_term_string}"},"query-input":"required name=search_term_string"}],"inLanguage":"nl-NL"},{"@type":"ImageObject","@id":"https:\/\/collegedoorcollegasontour.nl\/index.php\/jan-van-hooff-2\/#primaryimage","inLanguage":"nl-NL","url":"https:\/\/collegedoorcollegasontour.nl\/wp-content\/uploads\/2022\/10\/jan-van-hooff-website-cdcot.jpg","contentUrl":"https:\/\/collegedoorcollegasontour.nl\/wp-content\/uploads\/2022\/10\/jan-van-hooff-website-cdcot.jpg","width":591,"height":591},{"@type":"WebPage","@id":"https:\/\/collegedoorcollegasontour.nl\/index.php\/jan-van-hooff-2\/#webpage","url":"https:\/\/collegedoorcollegasontour.nl\/index.php\/jan-van-hooff-2\/","name":"Jan van Hooff - College door collega&#039;s on tour","isPartOf":{"@id":"https:\/\/collegedoorcollegasontour.nl\/#website"},"primaryImageOfPage":{"@id":"https:\/\/collegedoorcollegasontour.nl\/index.php\/jan-van-hooff-2\/#primaryimage"},"datePublished":"2022-12-06T13:23:57+00:00","dateModified":"2022-12-06T13:26:02+00:00","breadcrumb":{"@id":"https:\/\/collegedoorcollegasontour.nl\/index.php\/jan-van-hooff-2\/#breadcrumb"},"inLanguage":"nl-NL","potentialAction":[{"@type":"ReadAction","target":["https:\/\/collegedoorcollegasontour.nl\/index.php\/jan-van-hooff-2\/"]}]},{"@type":"BreadcrumbList","@id":"https:\/\/collegedoorcollegasontour.nl\/index.php\/jan-van-hooff-2\/#breadcrumb","itemListElement":[{"@type":"ListItem","position":1,"name":"Home","item":"https:\/\/collegedoorcollegasontour.nl\/"},{"@type":"ListItem","position":2,"name":"Jan van Hooff"}]}]}},"_links":{"self":[{"href":"https:\/\/collegedoorcollegasontour.nl\/index.php\/wp-json\/wp\/v2\/pages\/1139","targetHints":{"allow":["GET"]}}],"collection":[{"href":"https:\/\/collegedoorcollegasontour.nl\/index.php\/wp-json\/wp\/v2\/pages"}],"about":[{"href":"https:\/\/collegedoorcollegasontour.nl\/index.php\/wp-json\/wp\/v2\/types\/page"}],"author":[{"embeddable":true,"href":"https:\/\/collegedoorcollegasontour.nl\/index.php\/wp-json\/wp\/v2\/users\/1"}],"replies":[{"embeddable":true,"href":"https:\/\/collegedoorcollegasontour.nl\/index.php\/wp-json\/wp\/v2\/comments?post=1139"}],"version-history":[{"count":4,"href":"https:\/\/collegedoorcollegasontour.nl\/index.php\/wp-json\/wp\/v2\/pages\/1139\/revisions"}],"predecessor-version":[{"id":1143,"href":"https:\/\/collegedoorcollegasontour.nl\/index.php\/wp-json\/wp\/v2\/pages\/1139\/revisions\/1143"}],"wp:attachment":[{"href":"https:\/\/collegedoorcollegasontour.nl\/index.php\/wp-json\/wp\/v2\/media?parent=1139"}],"curies":[{"name":"wp","href":"https:\/\/api.w.org\/{rel}","templated":true}]}}