{"id":858,"date":"2022-08-22T08:49:41","date_gmt":"2022-08-22T08:49:41","guid":{"rendered":"https:\/\/collegedoorcollegasontour.nl\/?page_id=858"},"modified":"2023-03-01T12:16:24","modified_gmt":"2023-03-01T12:16:24","slug":"programma-2023-antwerpen","status":"publish","type":"page","link":"https:\/\/collegedoorcollegasontour.nl\/index.php\/programma-2023-antwerpen\/","title":{"rendered":"Programma 2023 &#8211; Antwerpen"},"content":{"rendered":"\t\t<div data-elementor-type=\"wp-page\" data-elementor-id=\"858\" class=\"elementor elementor-858\">\n\t\t\t\t\t\t\t\t\t<section class=\"elementor-section elementor-top-section elementor-element elementor-element-3afc6ea elementor-section-boxed elementor-section-height-default elementor-section-height-default\" data-id=\"3afc6ea\" data-element_type=\"section\">\n\t\t\t\t\t\t<div class=\"elementor-container elementor-column-gap-default\">\n\t\t\t\t\t<div class=\"elementor-column elementor-col-100 elementor-top-column elementor-element elementor-element-150859f\" data-id=\"150859f\" data-element_type=\"column\">\n\t\t\t<div class=\"elementor-widget-wrap elementor-element-populated\">\n\t\t\t\t\t\t\t\t<div class=\"elementor-element elementor-element-6f65193 elementor-widget elementor-widget-heading\" data-id=\"6f65193\" data-element_type=\"widget\" data-widget_type=\"heading.default\">\n\t\t\t\t<div class=\"elementor-widget-container\">\n\t\t\t<style>\/*! elementor - v3.10.2 - 29-01-2023 *\/\n.elementor-heading-title{padding:0;margin:0;line-height:1}.elementor-widget-heading .elementor-heading-title[class*=elementor-size-]>a{color:inherit;font-size:inherit;line-height:inherit}.elementor-widget-heading .elementor-heading-title.elementor-size-small{font-size:15px}.elementor-widget-heading .elementor-heading-title.elementor-size-medium{font-size:19px}.elementor-widget-heading .elementor-heading-title.elementor-size-large{font-size:29px}.elementor-widget-heading .elementor-heading-title.elementor-size-xl{font-size:39px}.elementor-widget-heading .elementor-heading-title.elementor-size-xxl{font-size:59px}<\/style><h2 class=\"elementor-heading-title elementor-size-default\">Tot onze grote spijt hebben wij, wegens te geringe belangstelling, het college in Antwerpen op 30 en 31 maart 2023 gecanceld. <\/h2>\t\t<\/div>\n\t\t\t\t<\/div>\n\t\t\t\t<section class=\"elementor-section elementor-inner-section elementor-element elementor-element-2eac800 elementor-section-boxed elementor-section-height-default elementor-section-height-default\" data-id=\"2eac800\" data-element_type=\"section\">\n\t\t\t\t\t\t<div class=\"elementor-container elementor-column-gap-default\">\n\t\t\t\t\t<div class=\"elementor-column elementor-col-50 elementor-inner-column elementor-element elementor-element-9c7a934\" data-id=\"9c7a934\" data-element_type=\"column\">\n\t\t\t<div class=\"elementor-widget-wrap elementor-element-populated\">\n\t\t\t\t\t\t\t\t<div class=\"elementor-element elementor-element-264311f elementor-widget elementor-widget-text-editor\" data-id=\"264311f\" data-element_type=\"widget\" data-widget_type=\"text-editor.default\">\n\t\t\t\t<div class=\"elementor-widget-container\">\n\t\t\t<style>\/*! elementor - v3.10.2 - 29-01-2023 *\/\n.elementor-widget-text-editor.elementor-drop-cap-view-stacked .elementor-drop-cap{background-color:#818a91;color:#fff}.elementor-widget-text-editor.elementor-drop-cap-view-framed .elementor-drop-cap{color:#818a91;border:3px solid;background-color:transparent}.elementor-widget-text-editor:not(.elementor-drop-cap-view-default) .elementor-drop-cap{margin-top:8px}.elementor-widget-text-editor:not(.elementor-drop-cap-view-default) .elementor-drop-cap-letter{width:1em;height:1em}.elementor-widget-text-editor .elementor-drop-cap{float:left;text-align:center;line-height:1;font-size:50px}.elementor-widget-text-editor .elementor-drop-cap-letter{display:inline-block}<\/style>\t\t\t\t<p>Bij Goedegebuure tandtechniek verzorgen we heel enthousiast al jaren nascholing voor tandartsen. De kenmerken zijn: betrokken, kleinschalig, informeel, top georganiseerd, persoonlijke aandacht, leuke mensen en goede catering. College door Collega\u2019s is ontstaan vanuit de gedachte dat het plezier geeft om m\u00e9t elkaar en v\u00e1n elkaar te leren. Het liefst in een kleine groep.<\/p><p>Uitgaand van die gedachte hebben we net als bij het congres in mei 2022 opnieuw een kleinschalig nascholingscongres opgezet. Het congres beslaat 4 dagdelen en wordt gehouden op een prachtige locatie; <a href=\"https:\/\/www.chocolatenation.be\/nl?gclid=Cj0KCQiA14WdBhD8ARIsANao07iz7KKajsbyRVP3em3cnbG1xb6Cum3fY8XjQUGT86CYsTqxw6Qd5pEaAgu-EALw_wcB\" target=\"_blank\" rel=\"noopener\">Chocolate Nation<\/a>, midden in het centrum van Antwerpen en gelegen tegenover het altijd prachtige Centraal station.<\/p><p><img loading=\"lazy\" decoding=\"async\" class=\"size-medium wp-image-1158 alignleft\" src=\"https:\/\/collegedoorcollegasontour.nl\/wp-content\/uploads\/2022\/12\/cropped-Chocolate-Nation-treasure-hall-300x158.jpg\" alt=\"\" width=\"300\" height=\"158\" srcset=\"https:\/\/collegedoorcollegasontour.nl\/wp-content\/uploads\/2022\/12\/cropped-Chocolate-Nation-treasure-hall-300x158.jpg 300w, https:\/\/collegedoorcollegasontour.nl\/wp-content\/uploads\/2022\/12\/cropped-Chocolate-Nation-treasure-hall-1024x538.jpg 1024w, https:\/\/collegedoorcollegasontour.nl\/wp-content\/uploads\/2022\/12\/cropped-Chocolate-Nation-treasure-hall-768x403.jpg 768w, https:\/\/collegedoorcollegasontour.nl\/wp-content\/uploads\/2022\/12\/cropped-Chocolate-Nation-treasure-hall-600x315.jpg 600w, https:\/\/collegedoorcollegasontour.nl\/wp-content\/uploads\/2022\/12\/cropped-Chocolate-Nation-treasure-hall.jpg 1200w\" sizes=\"auto, (max-width: 300px) 100vw, 300px\" \/><\/p><p>We starten op donderdagmiddag om 13.30 en eindigen op vrijdag eind van de middag zodat je donderdag in de ochtend gemakkelijk aan kunt reizen en vrijdag na het congres nog gezellig een extra nachtje kunt blijven of naar huis reist.<\/p><p>College door Collega\u2019s on tour biedt up to date nascholing in een prettige ambiance en Antwerpse gezelligheid in deze bourgondische stad met z\u2019n 19 (!) Michelin sterren. Antwerpen is uitgegroeid tot de culinaire hoofdstad van Vlaanderen \u00e9n Belgi\u00eb. Trouwens, Antwerpen is tevens de modehoofdstad van Belgi\u00eb \u2013 daarvoor moet je in \u2018de Wilde zee\u2019 zijn; op 15 minuten loopafstand van de congres locatie. Als je van mooie schilderijen houdt kan je (op 500 meter afstand van de congreslocatie) in het Rubenshuis terecht en ook voor de beroemde Antwerpse chocolatiers op de Meir; de bekende winkelstraat. Ook al op korte loopafstand.<\/p><p>We hebben een mooi congres met enthousiaste sprekers en up to date onderwerpen voor je samengesteld: Eric Meisberger vertelt enthousiast over \u2018endo light\u2019, James Huddleston Slater spreekt na Eric over (de herkomst) van pijn, Maurits de Kuijper praat je na James bij over alle facetten van de endo kroon, Carline van den Breemer presenteert daaropvolgend het thema waar ze op gepromoveerd is; IDS en deep margin elevation. Op vrijdag ochtend behandelt onze Belgische collega Sofie Velghe de combinatie gebitsslijtage en aligners, Naomi Doelen deelt \u2018just breathe\u2019 met je (kennis die ze op deed bij het Kois Centre in Seattle), James Huddleston Slater praat over \u2018occlusie &#8211;\u00a0 blijf bij je leest\u2019, Naomi Doelen vertelt je daarna over hoe belangrijk de envelope of motion is voor je diagnostiek, daarna presenteren Naomi \u00e9n James samen casu\u00efstiek uit eigen werk natuurlijk. De creatieve en altijd verrassende Iris Bosgra treedt op als dagvoorzitter. We zijn heel trots en vereerd dat de hoogst sympathieke en wijze wetenschapper prof. dr. Jan van Hooff ons zal trakteren op enkele intermezzo\u2019s gedurende het programma. \u00a0\u00a0\u00a0<\/p><p>Je kent misschien nog niet alle namen van de sprekers maar we kunnen je beloven dat het genieten wordt! Zowel sociaal als tandheelkundig.<\/p><p>Nat\u00fa\u00farlijk verwelkomen we je donderdag middag graag met een bescheiden lunch en hebben we op donderdagavond avond na de laatste voordracht (19.15) samen met sprekers en cursisten een gezellige \u2018get togethter\u2019 gepland; wine tasting, chocolates, relax, socialise, fine\/casual dining &amp; music.<\/p><p><em>Donderdag 30 maart 2023<\/em><\/p><p>13.00 \u2013 13.30 ontvangst en registratie<\/p><p>13.30 \u2013 14.00 welkom en voorstellen door <a href=\"https:\/\/collegedoorcollegasontour.nl\/index.php\/moderator-iris-sparreboom\/\">Iris Sparreboom<\/a><\/p><p>14.00 \u2013 14.45 presentatie <a href=\"https:\/\/collegedoorcollegasontour.nl\/index.php\/inhoud-lezing-eric-meisberger\/\">Eric Meisberger<\/a> \u2013 Endo light<\/p><p>14.45 \u2013 15.30 presentatie <a href=\"https:\/\/collegedoorcollegasontour.nl\/index.php\/inhoud-lezing-james-huddleston-slater-jr\/\">James Huddleston Slater<\/a> \u2013 Ai! Waar komt die pijn vandaan?<\/p><p>15.30 \u2013 16.00 pauze<\/p><p>16.00 \u2013 17.30 presentatie <a href=\"https:\/\/collegedoorcollegasontour.nl\/index.php\/inhoud-lezing-maurits-de-kuijper\/\">Maurits de Kuijper<\/a> \u2013 de Endo kroon<\/p><p>17.30 \u2013 17.50 korte pauze<\/p><p>17.50 \u2013\u00a0 18.30 presentatie <a href=\"https:\/\/collegedoorcollegasontour.nl\/index.php\/jan-van-hooff-2\/\">Jan van Hooff<\/a> \u2013 intermezzo<\/p><p>18.30 \u2013 19.15 presentatie <a href=\"https:\/\/collegedoorcollegasontour.nl\/index.php\/inhoud-lezing-carline-van-den-breemer\/\">Carline van den Breemer<\/a> \u2013\u00a0IDS\/Deep Margin Elevation<\/p><p>19.15 \u2013 21.00 justeatdrink&amp;socialise<\/p><p><em>Vrijdag 31 maart 2023<\/em><\/p><p>09.00 \u2013 10.30 presentatie <a href=\"https:\/\/collegedoorcollegasontour.nl\/index.php\/inhoud-lezing-sofie-velghe\/\">Sofie Velghe<\/a> \u2013 slijtage en aligners<\/p><p>10.30 \u2013 11.00 Pauze<\/p><p>11.00 \u2013 12.00 presentatie <a href=\"https:\/\/collegedoorcollegasontour.nl\/index.php\/inhoud-lezing-naomi-doelen\/\">Naomi Doelen<\/a> &#8211; Just breathe \u2026 &#8211;<\/p><p>12.00 \u2013 12.30 presentatie <a href=\"https:\/\/collegedoorcollegasontour.nl\/index.php\/jan-van-hooff-2\/\">Jan van Hooff<\/a> \u2013 intermezzo<\/p><p>12.30 \u2013 13.30 Belgische lunch<\/p><p>13.30 \u2013 14.30 presentatie <a href=\"https:\/\/collegedoorcollegasontour.nl\/index.php\/inhoud-lezing-james-huddleston-slater-jr\/\">James Huddleston &#8211; Occlusie<\/a>, blijf bij je leest \u2013<\/p><p>14.30 \u2013 15.00 presentatie <a href=\"https:\/\/collegedoorcollegasontour.nl\/index.php\/inhoud-lezing-naomi-doelen\/\">Naomi Doelen<\/a> \u2013 Envelope of Function: \u2013 de verbinding van boven en onder<\/p><p>15.00 \u2013 15.30 Pauze<\/p><p>15.30 \u2013 16.15 presentatie <a href=\"https:\/\/collegedoorcollegasontour.nl\/index.php\/inhoud-lezing-naomi-doelen\/\">Naomi Doelen<\/a> &amp; <a href=\"https:\/\/collegedoorcollegasontour.nl\/index.php\/inhoud-lezing-james-huddleston-slater-jr\/\">James Huddleston Slater<\/a> \u2013 en nu behandelen!<\/p><p>16.15 \u2013 16.45 presentatie <a href=\"https:\/\/collegedoorcollegasontour.nl\/index.php\/jan-van-hooff-2\/\">Jan van Hooff<\/a> \u2013 intermezzo<\/p><p>16.45 \u2013 17.00 afronding <a href=\"https:\/\/collegedoorcollegasontour.nl\/index.php\/moderator-iris-sparreboom\/\">Iris Sparreboom<\/a><\/p><p><em>Wanneer<\/em><\/p><p>Dit bijzondere congres vindt plaats op 30 en 31 maart 2023. We hebben er n\u00fa al zin in.<\/p><p>Het organiseren van zo\u2019n congres is alleen maar mogelijk als jij je op tijd inschrijft. Dit evenement kent een gemaximeerde deelname van 50 personen, is <strong>zonder winstoogmerk en heeft geen sponsoren.<\/strong><\/p><p><em>Prijs<\/em><\/p><p>De cursusprijs bedraagt \u20ac1195,&#8211;.<\/p><p>Tijdig inschrijven betekent ten eerste <strong><em>een garantie op deelname<\/em><\/strong>, ten tweede <strong><em>een cadeau voor fijnproevers <\/em><\/strong><em>ter waarde van \u20ac50 <strong>uit de Chocolate Nation shop. Personen die v\u00f3\u00f3r 29 januari 2023 in geschreven hebben, kunnen rekenen op deze twee voordelen.<\/strong><\/em><\/p><p><em>Doelgroep<\/em><\/p><p>Tandartsen algemeen practici \u00e9n gedifferentieerde tandartsen in opleiding<\/p><p><em>Cursusniveau<\/em><\/p><p>Tandarts algemeen practicus<\/p><p><em>Onderwijsvorm<\/em><\/p><p>Hoorcolleges<\/p><p><em>Studielast<\/em><\/p><p>Geen studielast meer dan de hoorcolleges<\/p><p><em>Cursusmateriaal<\/em><\/p><p>Hand outs digitaal te downloaden<\/p><p><em>PE punten<\/em><\/p><p>Is aangevraagd (in 2022 werden er 10 PE punten toegekend aan dit congres)<\/p><p><em>Annuleren<\/em><\/p><p>Zie onze annuleringsvoorwaarden.<\/p>\t\t\t\t\t\t<\/div>\n\t\t\t\t<\/div>\n\t\t\t\t\t<\/div>\n\t\t<\/div>\n\t\t\t\t<div class=\"elementor-column elementor-col-50 elementor-inner-column elementor-element elementor-element-43af2fe\" data-id=\"43af2fe\" data-element_type=\"column\" data-settings=\"{&quot;background_background&quot;:&quot;classic&quot;}\">\n\t\t\t<div class=\"elementor-widget-wrap elementor-element-populated\">\n\t\t\t\t\t\t\t\t<div class=\"elementor-element elementor-element-0f851ff elementor-widget elementor-widget-image\" data-id=\"0f851ff\" data-element_type=\"widget\" data-widget_type=\"image.default\">\n\t\t\t\t<div class=\"elementor-widget-container\">\n\t\t\t<style>\/*! elementor - v3.10.2 - 29-01-2023 *\/\n.elementor-widget-image{text-align:center}.elementor-widget-image a{display:inline-block}.elementor-widget-image a img[src$=\".svg\"]{width:48px}.elementor-widget-image img{vertical-align:middle;display:inline-block}<\/style>\t\t\t\t\t\t\t\t\t\t\t\t<img loading=\"lazy\" decoding=\"async\" width=\"591\" height=\"591\" src=\"https:\/\/collegedoorcollegasontour.nl\/wp-content\/uploads\/2022\/11\/cropped-iris-sparreboom-4.jpg\" class=\"attachment-large size-large wp-image-1003\" alt=\"\" srcset=\"https:\/\/collegedoorcollegasontour.nl\/wp-content\/uploads\/2022\/11\/cropped-iris-sparreboom-4.jpg 591w, https:\/\/collegedoorcollegasontour.nl\/wp-content\/uploads\/2022\/11\/cropped-iris-sparreboom-4-300x300.jpg 300w, https:\/\/collegedoorcollegasontour.nl\/wp-content\/uploads\/2022\/11\/cropped-iris-sparreboom-4-150x150.jpg 150w, https:\/\/collegedoorcollegasontour.nl\/wp-content\/uploads\/2022\/11\/cropped-iris-sparreboom-4-100x100.jpg 100w\" sizes=\"auto, (max-width: 591px) 100vw, 591px\" \/>\t\t\t\t\t\t\t\t\t\t\t\t\t\t\t<\/div>\n\t\t\t\t<\/div>\n\t\t\t\t<div class=\"elementor-element elementor-element-72efd22 elementor-widget elementor-widget-text-editor\" data-id=\"72efd22\" data-element_type=\"widget\" data-widget_type=\"text-editor.default\">\n\t\t\t\t<div class=\"elementor-widget-container\">\n\t\t\t\t\t\t\t<p><strong>Verkort programma 2023<\/strong><\/p><p><em>Donderdag 30 maart<\/em><\/p><p>13.00 uur &#8211; ontvangst<\/p><p>13.30 uur &#8211; start programma<\/p><p>19.15 uur &#8211; einde programma<\/p><p>19.15 uur &#8211; walking dinner<\/p><p><em>Vrijdag 31 maart<\/em><\/p><p>09.00 uur &#8211; start programma<\/p><p>17.00 uur &#8211; einde programma<\/p>\t\t\t\t\t\t<\/div>\n\t\t\t\t<\/div>\n\t\t\t\t<div class=\"elementor-element elementor-element-ae73c78 elementor-widget elementor-widget-image\" data-id=\"ae73c78\" data-element_type=\"widget\" data-widget_type=\"image.default\">\n\t\t\t\t<div class=\"elementor-widget-container\">\n\t\t\t\t\t\t\t\t\t\t\t\t\t\t\t<img loading=\"lazy\" decoding=\"async\" width=\"694\" height=\"477\" src=\"https:\/\/collegedoorcollegasontour.nl\/wp-content\/uploads\/2022\/08\/cropped-jan-van-hooff.jpeg\" class=\"attachment-large size-large wp-image-819\" alt=\"\" srcset=\"https:\/\/collegedoorcollegasontour.nl\/wp-content\/uploads\/2022\/08\/cropped-jan-van-hooff.jpeg 694w, https:\/\/collegedoorcollegasontour.nl\/wp-content\/uploads\/2022\/08\/cropped-jan-van-hooff-300x206.jpeg 300w, https:\/\/collegedoorcollegasontour.nl\/wp-content\/uploads\/2022\/08\/cropped-jan-van-hooff-600x412.jpeg 600w\" sizes=\"auto, (max-width: 694px) 100vw, 694px\" \/>\t\t\t\t\t\t\t\t\t\t\t\t\t\t\t<\/div>\n\t\t\t\t<\/div>\n\t\t\t\t\t<\/div>\n\t\t<\/div>\n\t\t\t\t\t\t\t<\/div>\n\t\t<\/section>\n\t\t\t\t<div class=\"elementor-element elementor-element-ba5693f elementor-widget elementor-widget-spacer\" data-id=\"ba5693f\" data-element_type=\"widget\" data-widget_type=\"spacer.default\">\n\t\t\t\t<div class=\"elementor-widget-container\">\n\t\t\t<style>\/*! elementor - v3.10.2 - 29-01-2023 *\/\n.elementor-column .elementor-spacer-inner{height:var(--spacer-size)}.e-con{--container-widget-width:100%}.e-con-inner>.elementor-widget-spacer,.e-con>.elementor-widget-spacer{width:var(--container-widget-width,var(--spacer-size));--align-self:var(--container-widget-align-self,initial);--flex-shrink:0}.e-con-inner>.elementor-widget-spacer>.elementor-widget-container,.e-con-inner>.elementor-widget-spacer>.elementor-widget-container>.elementor-spacer,.e-con>.elementor-widget-spacer>.elementor-widget-container,.e-con>.elementor-widget-spacer>.elementor-widget-container>.elementor-spacer{height:100%}.e-con-inner>.elementor-widget-spacer>.elementor-widget-container>.elementor-spacer>.elementor-spacer-inner,.e-con>.elementor-widget-spacer>.elementor-widget-container>.elementor-spacer>.elementor-spacer-inner{height:var(--container-widget-height,var(--spacer-size))}<\/style>\t\t<div class=\"elementor-spacer\">\n\t\t\t<div class=\"elementor-spacer-inner\"><\/div>\n\t\t<\/div>\n\t\t\t\t<\/div>\n\t\t\t\t<\/div>\n\t\t\t\t<div class=\"elementor-element elementor-element-b344cbb elementor-widget elementor-widget-button\" data-id=\"b344cbb\" data-element_type=\"widget\" data-widget_type=\"button.default\">\n\t\t\t\t<div class=\"elementor-widget-container\">\n\t\t\t\t\t<div class=\"elementor-button-wrapper\">\n\t\t\t<a href=\"https:\/\/fd10.formdesk.com\/eventexbv\/college_door_collegas_on_tour_2023\" class=\"elementor-button-link elementor-button elementor-size-md\" role=\"button\">\n\t\t\t\t\t\t<span class=\"elementor-button-content-wrapper\">\n\t\t\t\t\t\t<span class=\"elementor-button-text\">Schrijf je in<\/span>\n\t\t<\/span>\n\t\t\t\t\t<\/a>\n\t\t<\/div>\n\t\t\t\t<\/div>\n\t\t\t\t<\/div>\n\t\t\t\t\t<\/div>\n\t\t<\/div>\n\t\t\t\t\t\t\t<\/div>\n\t\t<\/section>\n\t\t\t\t\t\t\t<\/div>\n\t\t","protected":false},"excerpt":{"rendered":"<p>Tot onze grote spijt hebben wij, wegens te geringe belangstelling, het college in Antwerpen op 30 en 31 maart 2023 gecanceld. Bij Goedegebuure tandtechniek verzorgen we heel enthousiast al jaren nascholing voor tandartsen. De kenmerken zijn: betrokken, kleinschalig, informeel, top georganiseerd, persoonlijke aandacht, leuke mensen en goede catering. College door Collega\u2019s is ontstaan vanuit de [&hellip;]<\/p>\n","protected":false},"author":1,"featured_media":0,"parent":0,"menu_order":0,"comment_status":"closed","ping_status":"closed","template":"","meta":{"footnotes":""},"class_list":["post-858","page","type-page","status-publish","hentry"],"yoast_head":"<!-- This site is optimized with the Yoast SEO plugin v17.7 - https:\/\/yoast.com\/wordpress\/plugins\/seo\/ -->\n<title>Programma 2023 - Antwerpen - College door collega&#039;s on tour<\/title>\n<meta name=\"robots\" content=\"index, follow, max-snippet:-1, max-image-preview:large, max-video-preview:-1\" \/>\n<link rel=\"canonical\" href=\"https:\/\/collegedoorcollegasontour.nl\/index.php\/programma-2023-antwerpen\/\" \/>\n<meta property=\"og:locale\" content=\"nl_NL\" \/>\n<meta property=\"og:type\" content=\"article\" \/>\n<meta property=\"og:title\" content=\"Programma 2023 - Antwerpen - College door collega&#039;s on tour\" \/>\n<meta property=\"og:description\" content=\"Tot onze grote spijt hebben wij, wegens te geringe belangstelling, het college in Antwerpen op 30 en 31 maart 2023 gecanceld. Bij Goedegebuure tandtechniek verzorgen we heel enthousiast al jaren nascholing voor tandartsen. De kenmerken zijn: betrokken, kleinschalig, informeel, top georganiseerd, persoonlijke aandacht, leuke mensen en goede catering. College door Collega\u2019s is ontstaan vanuit de [&hellip;]\" \/>\n<meta property=\"og:url\" content=\"https:\/\/collegedoorcollegasontour.nl\/index.php\/programma-2023-antwerpen\/\" \/>\n<meta property=\"og:site_name\" content=\"College door collega&#039;s on tour\" \/>\n<meta property=\"article:modified_time\" content=\"2023-03-01T12:16:24+00:00\" \/>\n<meta property=\"og:image\" content=\"https:\/\/collegedoorcollegasontour.nl\/wp-content\/uploads\/2022\/12\/cropped-Chocolate-Nation-treasure-hall-300x158.jpg\" \/>\n<meta name=\"twitter:card\" content=\"summary_large_image\" \/>\n<meta name=\"twitter:label1\" content=\"Geschatte leestijd\" \/>\n\t<meta name=\"twitter:data1\" content=\"5 minuten\" \/>\n<script type=\"application\/ld+json\" class=\"yoast-schema-graph\">{\"@context\":\"https:\/\/schema.org\",\"@graph\":[{\"@type\":\"WebSite\",\"@id\":\"https:\/\/collegedoorcollegasontour.nl\/#website\",\"url\":\"https:\/\/collegedoorcollegasontour.nl\/\",\"name\":\"College door collega&#039;s on tour\",\"description\":\"Just another WordPress site\",\"potentialAction\":[{\"@type\":\"SearchAction\",\"target\":{\"@type\":\"EntryPoint\",\"urlTemplate\":\"https:\/\/collegedoorcollegasontour.nl\/?s={search_term_string}\"},\"query-input\":\"required name=search_term_string\"}],\"inLanguage\":\"nl-NL\"},{\"@type\":\"ImageObject\",\"@id\":\"https:\/\/collegedoorcollegasontour.nl\/index.php\/programma-2023-antwerpen\/#primaryimage\",\"inLanguage\":\"nl-NL\",\"url\":\"https:\/\/collegedoorcollegasontour.nl\/wp-content\/uploads\/2022\/12\/cropped-Chocolate-Nation-treasure-hall.jpg\",\"contentUrl\":\"https:\/\/collegedoorcollegasontour.nl\/wp-content\/uploads\/2022\/12\/cropped-Chocolate-Nation-treasure-hall.jpg\",\"width\":1200,\"height\":630},{\"@type\":\"WebPage\",\"@id\":\"https:\/\/collegedoorcollegasontour.nl\/index.php\/programma-2023-antwerpen\/#webpage\",\"url\":\"https:\/\/collegedoorcollegasontour.nl\/index.php\/programma-2023-antwerpen\/\",\"name\":\"Programma 2023 - Antwerpen - College door collega&#039;s on tour\",\"isPartOf\":{\"@id\":\"https:\/\/collegedoorcollegasontour.nl\/#website\"},\"primaryImageOfPage\":{\"@id\":\"https:\/\/collegedoorcollegasontour.nl\/index.php\/programma-2023-antwerpen\/#primaryimage\"},\"datePublished\":\"2022-08-22T08:49:41+00:00\",\"dateModified\":\"2023-03-01T12:16:24+00:00\",\"breadcrumb\":{\"@id\":\"https:\/\/collegedoorcollegasontour.nl\/index.php\/programma-2023-antwerpen\/#breadcrumb\"},\"inLanguage\":\"nl-NL\",\"potentialAction\":[{\"@type\":\"ReadAction\",\"target\":[\"https:\/\/collegedoorcollegasontour.nl\/index.php\/programma-2023-antwerpen\/\"]}]},{\"@type\":\"BreadcrumbList\",\"@id\":\"https:\/\/collegedoorcollegasontour.nl\/index.php\/programma-2023-antwerpen\/#breadcrumb\",\"itemListElement\":[{\"@type\":\"ListItem\",\"position\":1,\"name\":\"Home\",\"item\":\"https:\/\/collegedoorcollegasontour.nl\/\"},{\"@type\":\"ListItem\",\"position\":2,\"name\":\"Programma 2023 &#8211; Antwerpen\"}]}]}<\/script>\n<!-- \/ Yoast SEO plugin. -->","yoast_head_json":{"title":"Programma 2023 - Antwerpen - College door collega&#039;s on tour","robots":{"index":"index","follow":"follow","max-snippet":"max-snippet:-1","max-image-preview":"max-image-preview:large","max-video-preview":"max-video-preview:-1"},"canonical":"https:\/\/collegedoorcollegasontour.nl\/index.php\/programma-2023-antwerpen\/","og_locale":"nl_NL","og_type":"article","og_title":"Programma 2023 - Antwerpen - College door collega&#039;s on tour","og_description":"Tot onze grote spijt hebben wij, wegens te geringe belangstelling, het college in Antwerpen op 30 en 31 maart 2023 gecanceld. Bij Goedegebuure tandtechniek verzorgen we heel enthousiast al jaren nascholing voor tandartsen. De kenmerken zijn: betrokken, kleinschalig, informeel, top georganiseerd, persoonlijke aandacht, leuke mensen en goede catering. College door Collega\u2019s is ontstaan vanuit de [&hellip;]","og_url":"https:\/\/collegedoorcollegasontour.nl\/index.php\/programma-2023-antwerpen\/","og_site_name":"College door collega&#039;s on tour","article_modified_time":"2023-03-01T12:16:24+00:00","og_image":[{"url":"https:\/\/collegedoorcollegasontour.nl\/wp-content\/uploads\/2022\/12\/cropped-Chocolate-Nation-treasure-hall-300x158.jpg"}],"twitter_card":"summary_large_image","twitter_misc":{"Geschatte leestijd":"5 minuten"},"schema":{"@context":"https:\/\/schema.org","@graph":[{"@type":"WebSite","@id":"https:\/\/collegedoorcollegasontour.nl\/#website","url":"https:\/\/collegedoorcollegasontour.nl\/","name":"College door collega&#039;s on tour","description":"Just another WordPress site","potentialAction":[{"@type":"SearchAction","target":{"@type":"EntryPoint","urlTemplate":"https:\/\/collegedoorcollegasontour.nl\/?s={search_term_string}"},"query-input":"required name=search_term_string"}],"inLanguage":"nl-NL"},{"@type":"ImageObject","@id":"https:\/\/collegedoorcollegasontour.nl\/index.php\/programma-2023-antwerpen\/#primaryimage","inLanguage":"nl-NL","url":"https:\/\/collegedoorcollegasontour.nl\/wp-content\/uploads\/2022\/12\/cropped-Chocolate-Nation-treasure-hall.jpg","contentUrl":"https:\/\/collegedoorcollegasontour.nl\/wp-content\/uploads\/2022\/12\/cropped-Chocolate-Nation-treasure-hall.jpg","width":1200,"height":630},{"@type":"WebPage","@id":"https:\/\/collegedoorcollegasontour.nl\/index.php\/programma-2023-antwerpen\/#webpage","url":"https:\/\/collegedoorcollegasontour.nl\/index.php\/programma-2023-antwerpen\/","name":"Programma 2023 - Antwerpen - College door collega&#039;s on tour","isPartOf":{"@id":"https:\/\/collegedoorcollegasontour.nl\/#website"},"primaryImageOfPage":{"@id":"https:\/\/collegedoorcollegasontour.nl\/index.php\/programma-2023-antwerpen\/#primaryimage"},"datePublished":"2022-08-22T08:49:41+00:00","dateModified":"2023-03-01T12:16:24+00:00","breadcrumb":{"@id":"https:\/\/collegedoorcollegasontour.nl\/index.php\/programma-2023-antwerpen\/#breadcrumb"},"inLanguage":"nl-NL","potentialAction":[{"@type":"ReadAction","target":["https:\/\/collegedoorcollegasontour.nl\/index.php\/programma-2023-antwerpen\/"]}]},{"@type":"BreadcrumbList","@id":"https:\/\/collegedoorcollegasontour.nl\/index.php\/programma-2023-antwerpen\/#breadcrumb","itemListElement":[{"@type":"ListItem","position":1,"name":"Home","item":"https:\/\/collegedoorcollegasontour.nl\/"},{"@type":"ListItem","position":2,"name":"Programma 2023 &#8211; Antwerpen"}]}]}},"_links":{"self":[{"href":"https:\/\/collegedoorcollegasontour.nl\/index.php\/wp-json\/wp\/v2\/pages\/858","targetHints":{"allow":["GET"]}}],"collection":[{"href":"https:\/\/collegedoorcollegasontour.nl\/index.php\/wp-json\/wp\/v2\/pages"}],"about":[{"href":"https:\/\/collegedoorcollegasontour.nl\/index.php\/wp-json\/wp\/v2\/types\/page"}],"author":[{"embeddable":true,"href":"https:\/\/collegedoorcollegasontour.nl\/index.php\/wp-json\/wp\/v2\/users\/1"}],"replies":[{"embeddable":true,"href":"https:\/\/collegedoorcollegasontour.nl\/index.php\/wp-json\/wp\/v2\/comments?post=858"}],"version-history":[{"count":103,"href":"https:\/\/collegedoorcollegasontour.nl\/index.php\/wp-json\/wp\/v2\/pages\/858\/revisions"}],"predecessor-version":[{"id":1551,"href":"https:\/\/collegedoorcollegasontour.nl\/index.php\/wp-json\/wp\/v2\/pages\/858\/revisions\/1551"}],"wp:attachment":[{"href":"https:\/\/collegedoorcollegasontour.nl\/index.php\/wp-json\/wp\/v2\/media?parent=858"}],"curies":[{"name":"wp","href":"https:\/\/api.w.org\/{rel}","templated":true}]}}