{"id":973,"date":"2022-10-24T12:22:55","date_gmt":"2022-10-24T12:22:55","guid":{"rendered":"https:\/\/collegedoorcollegasontour.nl\/?page_id=973"},"modified":"2022-12-06T13:22:39","modified_gmt":"2022-12-06T13:22:39","slug":"inhoud-lezing-sofie-velghe","status":"publish","type":"page","link":"https:\/\/collegedoorcollegasontour.nl\/index.php\/inhoud-lezing-sofie-velghe\/","title":{"rendered":"Inhoud lezing Sofie Velghe"},"content":{"rendered":"\t\t<div data-elementor-type=\"wp-page\" data-elementor-id=\"973\" class=\"elementor elementor-973\">\n\t\t\t\t\t\t\t\t\t<section class=\"elementor-section elementor-top-section elementor-element elementor-element-ef6680e elementor-section-boxed elementor-section-height-default elementor-section-height-default\" data-id=\"ef6680e\" data-element_type=\"section\">\n\t\t\t\t\t\t<div class=\"elementor-container elementor-column-gap-default\">\n\t\t\t\t\t<div class=\"elementor-column elementor-col-66 elementor-top-column elementor-element elementor-element-73fa678\" data-id=\"73fa678\" data-element_type=\"column\">\n\t\t\t<div class=\"elementor-widget-wrap elementor-element-populated\">\n\t\t\t\t\t\t\t\t<div class=\"elementor-element elementor-element-343902a elementor-widget elementor-widget-text-editor\" data-id=\"343902a\" data-element_type=\"widget\" data-widget_type=\"text-editor.default\">\n\t\t\t\t<div class=\"elementor-widget-container\">\n\t\t\t<style>\/*! elementor - v3.10.2 - 29-01-2023 *\/\n.elementor-widget-text-editor.elementor-drop-cap-view-stacked .elementor-drop-cap{background-color:#818a91;color:#fff}.elementor-widget-text-editor.elementor-drop-cap-view-framed .elementor-drop-cap{color:#818a91;border:3px solid;background-color:transparent}.elementor-widget-text-editor:not(.elementor-drop-cap-view-default) .elementor-drop-cap{margin-top:8px}.elementor-widget-text-editor:not(.elementor-drop-cap-view-default) .elementor-drop-cap-letter{width:1em;height:1em}.elementor-widget-text-editor .elementor-drop-cap{float:left;text-align:center;line-height:1;font-size:50px}.elementor-widget-text-editor .elementor-drop-cap-letter{display:inline-block}<\/style>\t\t\t\t<p><strong>Digital dentistry: The new state of the art<\/strong><br \/>Nieuwe technologische innovaties hebben de tandheelkunde be\u00efnvloed en verbeterd. Er zijn meer restauratie-opties beschikbaar voor een betere esthetiek en outcome. Een eenvoudige workflow, aangestuurd door artificiele intelligentie, zorgt voor voorspelbare resultaten.<br \/>Er zijn nieuwe manieren ontwikkeld voor effectieve en effici\u00ebnte communicatie tussen professionals en pati\u00ebnten, en de pati\u00ebntervaring is verbeterd.<br \/>Het doel is om het type en de omvang van digitale innovaties te verkennen, de voordelen die ze opleveren voor tandartsen, onderzoekers, materiaalwetenschappers en studenten.<\/p><p><strong>Contemporary treatment of the worn dentition: a multidisciplinary approach.<\/strong><\/p><p>Hedendaagse behandeling van gebitsslijtage: een multidisciplinaire benadering.<br \/>Gebitsslijtage is een vaak onderschatte pathologie die tegenwoordig steeds meer pati\u00ebnten treft.<br \/>Een veel voorkomende houding is om te wachten tot er meer schade optreedt, om vervolgens te moeten ingrijpen. Deze late interventie is echter verantwoordelijk voor een verdere degradatie van het oorspronkelijke gebit en een ingewikkelder en duurdere therapie.<br \/>Additieve tandheelkunde kan het alternatief zijn, gebaseerd op een vroege interventie met maximaal behoud van de tandstructuur.<\/p><p><strong>Use of aligners in restorative dentistry.<\/strong><br \/>Gebruik van aligners in de restauratieve tandheelkunde. Lite-tandheelkunde combineert twee eenvoudige procedures, aligner-behandeling en directe composietrestauraties. Tussen deze twee stappen kan gingivoplastie nodig zijn om een goede balans tussen roze en wit te geven of om de tanden te bleken.<\/p><p><em>Leerdoelen<\/em><\/p><ul><li>Het leren digitale innovaties te verkennen en te beoordelen<\/li><li>Wanneer kan je het best beginnen met het behandelen dan een slijtage dentitie<\/li><li>Wanneer is het goed om aligners te gebruiken en hoe combineer je dat met indirecte composieten en gingiva correcties<\/li><\/ul><p><strong>CV:<\/strong><br \/>Sofie studeerde in 2006 af als algemeen tandarts aan de universiteit Gent en legde zich nadien toe op de reconstructieve tandheelkunde. Tot 2013 was ze er deeltijds praktijkassistente op de afdeling restauratieve tandheelkunde, waar ze pati\u00ebnten behandelde met excessieve gebitsslijtage.<br \/>Van 2008 tot 2010 volgde ze een bijkomende cursus orthodontie bij de \u2018European academy of integrated orthodontics\u2019. Deze opleiding gaf haar een beter inzicht in de faciale analyse en occlusie.<br \/>Als spreker geeft Sofie lezingen aan collega\u2019s over functioneel esthetisch herstel.<br \/>2018: Affiliate of the European Academy of Esthetic Dentistry<br \/>2020: co-founder NeDwork vzw Education and Events<\/p>\t\t\t\t\t\t<\/div>\n\t\t\t\t<\/div>\n\t\t\t\t\t<\/div>\n\t\t<\/div>\n\t\t\t\t<div class=\"elementor-column elementor-col-33 elementor-top-column elementor-element elementor-element-4a887fa\" data-id=\"4a887fa\" data-element_type=\"column\">\n\t\t\t<div class=\"elementor-widget-wrap elementor-element-populated\">\n\t\t\t\t\t\t\t\t<div class=\"elementor-element elementor-element-2c0d7c2 elementor-widget elementor-widget-image\" data-id=\"2c0d7c2\" data-element_type=\"widget\" data-widget_type=\"image.default\">\n\t\t\t\t<div class=\"elementor-widget-container\">\n\t\t\t<style>\/*! elementor - v3.10.2 - 29-01-2023 *\/\n.elementor-widget-image{text-align:center}.elementor-widget-image a{display:inline-block}.elementor-widget-image a img[src$=\".svg\"]{width:48px}.elementor-widget-image img{vertical-align:middle;display:inline-block}<\/style>\t\t\t\t\t\t\t\t\t\t\t\t<img loading=\"lazy\" decoding=\"async\" width=\"591\" height=\"591\" src=\"https:\/\/collegedoorcollegasontour.nl\/wp-content\/uploads\/2022\/10\/sophie-velghe-website-cdcot.jpg\" class=\"attachment-large size-large wp-image-920\" alt=\"\" srcset=\"https:\/\/collegedoorcollegasontour.nl\/wp-content\/uploads\/2022\/10\/sophie-velghe-website-cdcot.jpg 591w, https:\/\/collegedoorcollegasontour.nl\/wp-content\/uploads\/2022\/10\/sophie-velghe-website-cdcot-300x300.jpg 300w, https:\/\/collegedoorcollegasontour.nl\/wp-content\/uploads\/2022\/10\/sophie-velghe-website-cdcot-150x150.jpg 150w, https:\/\/collegedoorcollegasontour.nl\/wp-content\/uploads\/2022\/10\/sophie-velghe-website-cdcot-100x100.jpg 100w\" sizes=\"auto, (max-width: 591px) 100vw, 591px\" \/>\t\t\t\t\t\t\t\t\t\t\t\t\t\t\t<\/div>\n\t\t\t\t<\/div>\n\t\t\t\t\t<\/div>\n\t\t<\/div>\n\t\t\t\t\t\t\t<\/div>\n\t\t<\/section>\n\t\t\t\t\t\t\t<\/div>\n\t\t","protected":false},"excerpt":{"rendered":"<p>Digital dentistry: The new state of the artNieuwe technologische innovaties hebben de tandheelkunde be\u00efnvloed en verbeterd. Er zijn meer restauratie-opties beschikbaar voor een betere esthetiek en outcome. Een eenvoudige workflow, aangestuurd door artificiele intelligentie, zorgt voor voorspelbare resultaten.Er zijn nieuwe manieren ontwikkeld voor effectieve en effici\u00ebnte communicatie tussen professionals en pati\u00ebnten, en de pati\u00ebntervaring is [&hellip;]<\/p>\n","protected":false},"author":1,"featured_media":0,"parent":0,"menu_order":0,"comment_status":"closed","ping_status":"closed","template":"","meta":{"footnotes":""},"class_list":["post-973","page","type-page","status-publish","hentry"],"yoast_head":"<!-- This site is optimized with the Yoast SEO plugin v17.7 - https:\/\/yoast.com\/wordpress\/plugins\/seo\/ -->\n<title>Inhoud lezing Sofie Velghe - College door collega&#039;s on tour<\/title>\n<meta name=\"robots\" content=\"index, follow, max-snippet:-1, max-image-preview:large, max-video-preview:-1\" \/>\n<link rel=\"canonical\" href=\"https:\/\/collegedoorcollegasontour.nl\/index.php\/inhoud-lezing-sofie-velghe\/\" \/>\n<meta property=\"og:locale\" content=\"nl_NL\" \/>\n<meta property=\"og:type\" content=\"article\" \/>\n<meta property=\"og:title\" content=\"Inhoud lezing Sofie Velghe - College door collega&#039;s on tour\" \/>\n<meta property=\"og:description\" content=\"Digital dentistry: The new state of the artNieuwe technologische innovaties hebben de tandheelkunde be\u00efnvloed en verbeterd. Er zijn meer restauratie-opties beschikbaar voor een betere esthetiek en outcome. Een eenvoudige workflow, aangestuurd door artificiele intelligentie, zorgt voor voorspelbare resultaten.Er zijn nieuwe manieren ontwikkeld voor effectieve en effici\u00ebnte communicatie tussen professionals en pati\u00ebnten, en de pati\u00ebntervaring is [&hellip;]\" \/>\n<meta property=\"og:url\" content=\"https:\/\/collegedoorcollegasontour.nl\/index.php\/inhoud-lezing-sofie-velghe\/\" \/>\n<meta property=\"og:site_name\" content=\"College door collega&#039;s on tour\" \/>\n<meta property=\"article:modified_time\" content=\"2022-12-06T13:22:39+00:00\" \/>\n<meta property=\"og:image\" content=\"https:\/\/collegedoorcollegasontour.nl\/wp-content\/uploads\/2022\/10\/sophie-velghe-website-cdcot.jpg\" \/>\n<meta name=\"twitter:card\" content=\"summary_large_image\" \/>\n<meta name=\"twitter:label1\" content=\"Geschatte leestijd\" \/>\n\t<meta name=\"twitter:data1\" content=\"2 minuten\" \/>\n<script type=\"application\/ld+json\" class=\"yoast-schema-graph\">{\"@context\":\"https:\/\/schema.org\",\"@graph\":[{\"@type\":\"WebSite\",\"@id\":\"https:\/\/collegedoorcollegasontour.nl\/#website\",\"url\":\"https:\/\/collegedoorcollegasontour.nl\/\",\"name\":\"College door collega&#039;s on tour\",\"description\":\"Just another WordPress site\",\"potentialAction\":[{\"@type\":\"SearchAction\",\"target\":{\"@type\":\"EntryPoint\",\"urlTemplate\":\"https:\/\/collegedoorcollegasontour.nl\/?s={search_term_string}\"},\"query-input\":\"required name=search_term_string\"}],\"inLanguage\":\"nl-NL\"},{\"@type\":\"ImageObject\",\"@id\":\"https:\/\/collegedoorcollegasontour.nl\/index.php\/inhoud-lezing-sofie-velghe\/#primaryimage\",\"inLanguage\":\"nl-NL\",\"url\":\"https:\/\/collegedoorcollegasontour.nl\/wp-content\/uploads\/2022\/10\/sophie-velghe-website-cdcot.jpg\",\"contentUrl\":\"https:\/\/collegedoorcollegasontour.nl\/wp-content\/uploads\/2022\/10\/sophie-velghe-website-cdcot.jpg\",\"width\":591,\"height\":591},{\"@type\":\"WebPage\",\"@id\":\"https:\/\/collegedoorcollegasontour.nl\/index.php\/inhoud-lezing-sofie-velghe\/#webpage\",\"url\":\"https:\/\/collegedoorcollegasontour.nl\/index.php\/inhoud-lezing-sofie-velghe\/\",\"name\":\"Inhoud lezing Sofie Velghe - College door collega&#039;s on tour\",\"isPartOf\":{\"@id\":\"https:\/\/collegedoorcollegasontour.nl\/#website\"},\"primaryImageOfPage\":{\"@id\":\"https:\/\/collegedoorcollegasontour.nl\/index.php\/inhoud-lezing-sofie-velghe\/#primaryimage\"},\"datePublished\":\"2022-10-24T12:22:55+00:00\",\"dateModified\":\"2022-12-06T13:22:39+00:00\",\"breadcrumb\":{\"@id\":\"https:\/\/collegedoorcollegasontour.nl\/index.php\/inhoud-lezing-sofie-velghe\/#breadcrumb\"},\"inLanguage\":\"nl-NL\",\"potentialAction\":[{\"@type\":\"ReadAction\",\"target\":[\"https:\/\/collegedoorcollegasontour.nl\/index.php\/inhoud-lezing-sofie-velghe\/\"]}]},{\"@type\":\"BreadcrumbList\",\"@id\":\"https:\/\/collegedoorcollegasontour.nl\/index.php\/inhoud-lezing-sofie-velghe\/#breadcrumb\",\"itemListElement\":[{\"@type\":\"ListItem\",\"position\":1,\"name\":\"Home\",\"item\":\"https:\/\/collegedoorcollegasontour.nl\/\"},{\"@type\":\"ListItem\",\"position\":2,\"name\":\"Inhoud lezing Sofie Velghe\"}]}]}<\/script>\n<!-- \/ Yoast SEO plugin. -->","yoast_head_json":{"title":"Inhoud lezing Sofie Velghe - College door collega&#039;s on tour","robots":{"index":"index","follow":"follow","max-snippet":"max-snippet:-1","max-image-preview":"max-image-preview:large","max-video-preview":"max-video-preview:-1"},"canonical":"https:\/\/collegedoorcollegasontour.nl\/index.php\/inhoud-lezing-sofie-velghe\/","og_locale":"nl_NL","og_type":"article","og_title":"Inhoud lezing Sofie Velghe - College door collega&#039;s on tour","og_description":"Digital dentistry: The new state of the artNieuwe technologische innovaties hebben de tandheelkunde be\u00efnvloed en verbeterd. Er zijn meer restauratie-opties beschikbaar voor een betere esthetiek en outcome. Een eenvoudige workflow, aangestuurd door artificiele intelligentie, zorgt voor voorspelbare resultaten.Er zijn nieuwe manieren ontwikkeld voor effectieve en effici\u00ebnte communicatie tussen professionals en pati\u00ebnten, en de pati\u00ebntervaring is [&hellip;]","og_url":"https:\/\/collegedoorcollegasontour.nl\/index.php\/inhoud-lezing-sofie-velghe\/","og_site_name":"College door collega&#039;s on tour","article_modified_time":"2022-12-06T13:22:39+00:00","og_image":[{"url":"https:\/\/collegedoorcollegasontour.nl\/wp-content\/uploads\/2022\/10\/sophie-velghe-website-cdcot.jpg"}],"twitter_card":"summary_large_image","twitter_misc":{"Geschatte leestijd":"2 minuten"},"schema":{"@context":"https:\/\/schema.org","@graph":[{"@type":"WebSite","@id":"https:\/\/collegedoorcollegasontour.nl\/#website","url":"https:\/\/collegedoorcollegasontour.nl\/","name":"College door collega&#039;s on tour","description":"Just another WordPress site","potentialAction":[{"@type":"SearchAction","target":{"@type":"EntryPoint","urlTemplate":"https:\/\/collegedoorcollegasontour.nl\/?s={search_term_string}"},"query-input":"required name=search_term_string"}],"inLanguage":"nl-NL"},{"@type":"ImageObject","@id":"https:\/\/collegedoorcollegasontour.nl\/index.php\/inhoud-lezing-sofie-velghe\/#primaryimage","inLanguage":"nl-NL","url":"https:\/\/collegedoorcollegasontour.nl\/wp-content\/uploads\/2022\/10\/sophie-velghe-website-cdcot.jpg","contentUrl":"https:\/\/collegedoorcollegasontour.nl\/wp-content\/uploads\/2022\/10\/sophie-velghe-website-cdcot.jpg","width":591,"height":591},{"@type":"WebPage","@id":"https:\/\/collegedoorcollegasontour.nl\/index.php\/inhoud-lezing-sofie-velghe\/#webpage","url":"https:\/\/collegedoorcollegasontour.nl\/index.php\/inhoud-lezing-sofie-velghe\/","name":"Inhoud lezing Sofie Velghe - College door collega&#039;s on tour","isPartOf":{"@id":"https:\/\/collegedoorcollegasontour.nl\/#website"},"primaryImageOfPage":{"@id":"https:\/\/collegedoorcollegasontour.nl\/index.php\/inhoud-lezing-sofie-velghe\/#primaryimage"},"datePublished":"2022-10-24T12:22:55+00:00","dateModified":"2022-12-06T13:22:39+00:00","breadcrumb":{"@id":"https:\/\/collegedoorcollegasontour.nl\/index.php\/inhoud-lezing-sofie-velghe\/#breadcrumb"},"inLanguage":"nl-NL","potentialAction":[{"@type":"ReadAction","target":["https:\/\/collegedoorcollegasontour.nl\/index.php\/inhoud-lezing-sofie-velghe\/"]}]},{"@type":"BreadcrumbList","@id":"https:\/\/collegedoorcollegasontour.nl\/index.php\/inhoud-lezing-sofie-velghe\/#breadcrumb","itemListElement":[{"@type":"ListItem","position":1,"name":"Home","item":"https:\/\/collegedoorcollegasontour.nl\/"},{"@type":"ListItem","position":2,"name":"Inhoud lezing Sofie Velghe"}]}]}},"_links":{"self":[{"href":"https:\/\/collegedoorcollegasontour.nl\/index.php\/wp-json\/wp\/v2\/pages\/973","targetHints":{"allow":["GET"]}}],"collection":[{"href":"https:\/\/collegedoorcollegasontour.nl\/index.php\/wp-json\/wp\/v2\/pages"}],"about":[{"href":"https:\/\/collegedoorcollegasontour.nl\/index.php\/wp-json\/wp\/v2\/types\/page"}],"author":[{"embeddable":true,"href":"https:\/\/collegedoorcollegasontour.nl\/index.php\/wp-json\/wp\/v2\/users\/1"}],"replies":[{"embeddable":true,"href":"https:\/\/collegedoorcollegasontour.nl\/index.php\/wp-json\/wp\/v2\/comments?post=973"}],"version-history":[{"count":11,"href":"https:\/\/collegedoorcollegasontour.nl\/index.php\/wp-json\/wp\/v2\/pages\/973\/revisions"}],"predecessor-version":[{"id":1137,"href":"https:\/\/collegedoorcollegasontour.nl\/index.php\/wp-json\/wp\/v2\/pages\/973\/revisions\/1137"}],"wp:attachment":[{"href":"https:\/\/collegedoorcollegasontour.nl\/index.php\/wp-json\/wp\/v2\/media?parent=973"}],"curies":[{"name":"wp","href":"https:\/\/api.w.org\/{rel}","templated":true}]}}